{"id":2030,"date":"2022-12-26T13:57:46","date_gmt":"2022-12-26T13:57:46","guid":{"rendered":"https:\/\/fundatia.dacica.ro\/activitati-pentru-copii\/"},"modified":"2023-03-20T18:28:40","modified_gmt":"2023-03-20T18:28:40","slug":"activities-for-children","status":"publish","type":"page","link":"https:\/\/fundatia.dacica.ro\/en\/activities-for-children\/","title":{"rendered":"Activties for children"},"content":{"rendered":"[vc_row type=&#8221;full_width_background&#8221; full_screen_row_position=&#8221;middle&#8221; column_margin=&#8221;default&#8221; bg_image=&#8221;1381&#8243; bg_position=&#8221;left top&#8221; bg_repeat=&#8221;no-repeat&#8221; full_height=&#8221;yes&#8221; scene_position=&#8221;center&#8221; text_color=&#8221;dark&#8221; text_align=&#8221;left&#8221; id=&#8221;desktop-header&#8221; overlay_strength=&#8221;0.3&#8243; shape_divider_position=&#8221;bottom&#8221; bg_image_animation=&#8221;none&#8221; shape_type=&#8221;&#8221;][vc_column column_padding=&#8221;no-extra-padding&#8221; column_padding_position=&#8221;all&#8221; background_color_opacity=&#8221;1&#8243; background_hover_color_opacity=&#8221;1&#8243; column_link_target=&#8221;_self&#8221; column_shadow=&#8221;none&#8221; column_border_radius=&#8221;none&#8221; width=&#8221;1\/1&#8243; tablet_width_inherit=&#8221;default&#8221; tablet_text_alignment=&#8221;default&#8221; phone_text_alignment=&#8221;default&#8221; overlay_strength=&#8221;0.3&#8243; column_border_width=&#8221;none&#8221; column_border_style=&#8221;solid&#8221; bg_image_animation=&#8221;none&#8221;][\/vc_column][\/vc_row][vc_row type=&#8221;full_width_content&#8221; full_screen_row_position=&#8221;middle&#8221; column_margin=&#8221;default&#8221; bg_image=&#8221;1397&#8243; bg_position=&#8221;center center&#8221; bg_repeat=&#8221;no-repeat&#8221; scene_position=&#8221;center&#8221; text_color=&#8221;dark&#8221; text_align=&#8221;left&#8221; id=&#8221;mobile-header&#8221; overlay_strength=&#8221;0.3&#8243; shape_divider_position=&#8221;bottom&#8221; bg_image_animation=&#8221;none&#8221; shape_type=&#8221;&#8221;][vc_column column_padding=&#8221;no-extra-padding&#8221; column_padding_position=&#8221;all&#8221; background_color_opacity=&#8221;1&#8243; background_hover_color_opacity=&#8221;1&#8243; column_link_target=&#8221;_self&#8221; column_shadow=&#8221;none&#8221; column_border_radius=&#8221;none&#8221; width=&#8221;1\/1&#8243; tablet_width_inherit=&#8221;default&#8221; tablet_text_alignment=&#8221;default&#8221; phone_text_alignment=&#8221;default&#8221; overlay_strength=&#8221;0.3&#8243; column_border_width=&#8221;none&#8221; column_border_style=&#8221;solid&#8221; bg_image_animation=&#8221;none&#8221;][image_with_animation image_url=&#8221;1397&#8243; alignment=&#8221;&#8221; animation=&#8221;Fade In&#8221; hover_animation=&#8221;none&#8221; border_radius=&#8221;none&#8221; box_shadow=&#8221;none&#8221; image_loading=&#8221;default&#8221; max_width=&#8221;100%&#8221; max_width_mobile=&#8221;default&#8221;][\/vc_column][\/vc_row][vc_row type=&#8221;full_width_background&#8221; full_screen_row_position=&#8221;middle&#8221; column_margin=&#8221;default&#8221; bg_color=&#8221;#004466&#8243; scene_position=&#8221;center&#8221; text_color=&#8221;dark&#8221; text_align=&#8221;left&#8221; overlay_strength=&#8221;0.3&#8243; shape_divider_position=&#8221;bottom&#8221; bg_image_animation=&#8221;none&#8221; shape_type=&#8221;&#8221;][vc_column column_padding=&#8221;no-extra-padding&#8221; column_padding_position=&#8221;all&#8221; background_color_opacity=&#8221;1&#8243; background_hover_color_opacity=&#8221;1&#8243; column_link_target=&#8221;_self&#8221; column_shadow=&#8221;none&#8221; column_border_radius=&#8221;none&#8221; width=&#8221;1\/1&#8243; tablet_width_inherit=&#8221;default&#8221; tablet_text_alignment=&#8221;default&#8221; phone_text_alignment=&#8221;default&#8221; overlay_strength=&#8221;0.3&#8243; column_border_width=&#8221;none&#8221; column_border_style=&#8221;solid&#8221; bg_image_animation=&#8221;none&#8221;][vc_custom_heading text=&#8221;Educational activities for children&#8221; font_container=&#8221;tag:h2|text_align:center|color:%23f4f4f4&#8243; use_theme_fonts=&#8221;yes&#8221; css=&#8221;.vc_custom_1679336194048{padding-top: 5px !important;}&#8221;][\/vc_column][\/vc_row][vc_row type=&#8221;in_container&#8221; full_screen_row_position=&#8221;middle&#8221; column_margin=&#8221;default&#8221; scene_position=&#8221;center&#8221; text_color=&#8221;dark&#8221; text_align=&#8221;left&#8221; overlay_strength=&#8221;0.3&#8243; shape_divider_position=&#8221;bottom&#8221; bg_image_animation=&#8221;none&#8221;][vc_column column_padding=&#8221;no-extra-padding&#8221; column_padding_position=&#8221;all&#8221; background_color_opacity=&#8221;1&#8243; background_hover_color_opacity=&#8221;1&#8243; column_link_target=&#8221;_self&#8221; column_shadow=&#8221;none&#8221; column_border_radius=&#8221;none&#8221; width=&#8221;1\/1&#8243; tablet_width_inherit=&#8221;default&#8221; tablet_text_alignment=&#8221;default&#8221; phone_text_alignment=&#8221;default&#8221; overlay_strength=&#8221;0.3&#8243; column_border_width=&#8221;none&#8221; column_border_style=&#8221;solid&#8221; bg_image_animation=&#8221;none&#8221;][divider line_type=&#8221;No Line&#8221; custom_height=&#8221;20&#8243;][\/vc_column][\/vc_row][vc_row type=&#8221;in_container&#8221; full_screen_row_position=&#8221;middle&#8221; column_margin=&#8221;default&#8221; scene_position=&#8221;center&#8221; text_color=&#8221;dark&#8221; text_align=&#8221;left&#8221; overlay_strength=&#8221;0.3&#8243; shape_divider_position=&#8221;bottom&#8221; bg_image_animation=&#8221;none&#8221;][vc_column column_padding=&#8221;no-extra-padding&#8221; column_padding_position=&#8221;all&#8221; background_color_opacity=&#8221;1&#8243; background_hover_color_opacity=&#8221;1&#8243; column_link_target=&#8221;_self&#8221; column_shadow=&#8221;none&#8221; column_border_radius=&#8221;none&#8221; width=&#8221;1\/1&#8243; tablet_width_inherit=&#8221;default&#8221; tablet_text_alignment=&#8221;default&#8221; phone_text_alignment=&#8221;default&#8221; overlay_strength=&#8221;0.3&#8243; column_border_width=&#8221;none&#8221; column_border_style=&#8221;solid&#8221; bg_image_animation=&#8221;none&#8221;][vc_column_text]Within the program for extracurricular activities \u201dTo know more, to be better!\u201d as well as on the International Children&#8217;s Day (June 1<sup>st<\/sup>), Dacica Foundation organizes, in partnership with the School of Bo\u0219orod, but also with other nearby schools, activities intended for children in order to raise awareness of the importance of historical heritage. Children participate in presentations, film screenings, guided visits, creative workshops, and other educational activities.<\/p>\n<p>Dacica guesthouse frequently hosts children&#8217;s camps from all over the country that include activities meant to help them get to know the Dacian sites and get familiar with the field of archaeology, conducted by the members and collaborators of the foundation.[\/vc_column_text][\/vc_column][\/vc_row][vc_row type=&#8221;in_container&#8221; full_screen_row_position=&#8221;middle&#8221; column_margin=&#8221;default&#8221; scene_position=&#8221;center&#8221; text_color=&#8221;dark&#8221; text_align=&#8221;left&#8221; overlay_strength=&#8221;0.3&#8243; shape_divider_position=&#8221;bottom&#8221; bg_image_animation=&#8221;none&#8221;][vc_column column_padding=&#8221;no-extra-padding&#8221; column_padding_position=&#8221;all&#8221; background_color_opacity=&#8221;1&#8243; background_hover_color_opacity=&#8221;1&#8243; column_link_target=&#8221;_self&#8221; column_shadow=&#8221;none&#8221; column_border_radius=&#8221;none&#8221; width=&#8221;1\/1&#8243; tablet_width_inherit=&#8221;default&#8221; tablet_text_alignment=&#8221;default&#8221; phone_text_alignment=&#8221;default&#8221; overlay_strength=&#8221;0.3&#8243; column_border_width=&#8221;none&#8221; column_border_style=&#8221;solid&#8221; bg_image_animation=&#8221;none&#8221;][divider line_type=&#8221;No Line&#8221; custom_height=&#8221;5&#8243;][\/vc_column][\/vc_row][vc_row type=&#8221;in_container&#8221; full_screen_row_position=&#8221;middle&#8221; column_margin=&#8221;default&#8221; scene_position=&#8221;center&#8221; text_color=&#8221;dark&#8221; text_align=&#8221;left&#8221; disable_element=&#8221;yes&#8221; overlay_strength=&#8221;0.3&#8243; shape_divider_position=&#8221;bottom&#8221; bg_image_animation=&#8221;none&#8221; shape_type=&#8221;&#8221;][vc_column column_padding=&#8221;no-extra-padding&#8221; column_padding_position=&#8221;all&#8221; background_color_opacity=&#8221;1&#8243; background_hover_color_opacity=&#8221;1&#8243; column_link_target=&#8221;_self&#8221; column_shadow=&#8221;none&#8221; column_border_radius=&#8221;none&#8221; bottom_margin=&#8221;0&#8243; width=&#8221;1\/1&#8243; tablet_width_inherit=&#8221;default&#8221; tablet_text_alignment=&#8221;default&#8221; phone_text_alignment=&#8221;default&#8221; overlay_strength=&#8221;0.3&#8243; column_border_width=&#8221;none&#8221; column_border_style=&#8221;solid&#8221; bg_image_animation=&#8221;none&#8221;][vc_row_inner column_margin=&#8221;default&#8221; text_align=&#8221;left&#8221; css=&#8221;.vc_custom_1672062382829{background-color: #004466 !important;}&#8221;][vc_column_inner column_padding=&#8221;no-extra-padding&#8221; column_padding_position=&#8221;all&#8221; background_color_opacity=&#8221;1&#8243; background_hover_color_opacity=&#8221;1&#8243; column_shadow=&#8221;none&#8221; column_border_radius=&#8221;none&#8221; column_link_target=&#8221;_self&#8221; width=&#8221;1\/1&#8243; tablet_width_inherit=&#8221;default&#8221; overlay_strength=&#8221;0.3&#8243; column_border_width=&#8221;none&#8221; column_border_style=&#8221;solid&#8221; bg_image_animation=&#8221;none&#8221;][vc_custom_heading text=&#8221;Numele evenimentului viitor&#8221; font_container=&#8221;tag:h2|text_align:center|color:%23ffffff&#8221; use_theme_fonts=&#8221;yes&#8221; css=&#8221;.vc_custom_1672062325918{margin-bottom: 0px !important;}&#8221;][\/vc_column_inner][\/vc_row_inner][vc_row_inner column_margin=&#8221;default&#8221; text_align=&#8221;left&#8221;][vc_column_inner column_padding=&#8221;no-extra-padding&#8221; column_padding_position=&#8221;all&#8221; background_color_opacity=&#8221;1&#8243; background_hover_color_opacity=&#8221;1&#8243; column_shadow=&#8221;none&#8221; column_border_radius=&#8221;none&#8221; column_link_target=&#8221;_self&#8221; width=&#8221;1\/1&#8243; tablet_width_inherit=&#8221;default&#8221; overlay_strength=&#8221;0.3&#8243; column_border_width=&#8221;none&#8221; column_border_style=&#8221;solid&#8221; bg_image_animation=&#8221;none&#8221;][vc_custom_heading text=&#8221;data evenimentului viitor&#8221; font_container=&#8221;tag:h2|text_align:center|color:%23004466&#8243; use_theme_fonts=&#8221;yes&#8221;][\/vc_column_inner][\/vc_row_inner][vc_row_inner column_margin=&#8221;default&#8221; text_align=&#8221;left&#8221; css=&#8221;.vc_custom_1618928433446{margin-bottom: 20px !important;}&#8221;][vc_column_inner column_padding=&#8221;no-extra-padding&#8221; column_padding_position=&#8221;all&#8221; background_color_opacity=&#8221;1&#8243; background_hover_color_opacity=&#8221;1&#8243; column_shadow=&#8221;none&#8221; column_border_radius=&#8221;none&#8221; column_link_target=&#8221;_self&#8221; width=&#8221;2\/5&#8243; tablet_width_inherit=&#8221;default&#8221; overlay_strength=&#8221;0.3&#8243; column_border_width=&#8221;none&#8221; column_border_style=&#8221;solid&#8221; bg_image_animation=&#8221;none&#8221;][image_with_animation image_url=&#8221;578&#8243; alignment=&#8221;&#8221; animation=&#8221;Fade In&#8221; hover_animation=&#8221;none&#8221; border_radius=&#8221;none&#8221; box_shadow=&#8221;none&#8221; image_loading=&#8221;default&#8221; max_width=&#8221;100%&#8221; max_width_mobile=&#8221;default&#8221;][\/vc_column_inner][vc_column_inner column_padding=&#8221;no-extra-padding&#8221; column_padding_position=&#8221;all&#8221; background_color_opacity=&#8221;1&#8243; background_hover_color_opacity=&#8221;1&#8243; column_shadow=&#8221;none&#8221; column_border_radius=&#8221;none&#8221; column_link_target=&#8221;_self&#8221; width=&#8221;3\/5&#8243; tablet_width_inherit=&#8221;default&#8221; overlay_strength=&#8221;0.3&#8243; column_border_width=&#8221;none&#8221; column_border_style=&#8221;solid&#8221; bg_image_animation=&#8221;none&#8221;][vc_column_text]Dup\u0103 cum v-a\u021bi obi\u0219nuit, la Dacica frunzele toamnei cad pe ritmuri de blues. De data aceasta, ne-a f\u0103cut bucuria s\u0103 accepte invita\u021bia noastr\u0103 un artist a c\u0103rui prezentare \u00een mod normal ar fi inutil\u0103. Nu exist\u0103 iubitor de blues care s\u0103 nu fi auzit de Vali R\u0103cil\u0103 \u0219i care s\u0103 nu-l fi ascultat m\u0103car o dat\u0103 la un festival sau \u00eentr-un club.<\/p>\n<p>Pu\u021bin\u0103 lume \u0219tie \u00eens\u0103 c\u0103 SirBlues nu este doar muzician, ci \u0219i actor \u0219i psiholog, \u00een majoritatea timpului dedic\u00e2ndu-se organiz\u0103rii de activit\u0103\u021bi de terapie prin activit\u0103\u0163i creative destinate persoanelor cu dizabilit\u0103\u021bi \u00een mai multe centre de recuperare \u0219i reabilitare neuropsihiatric\u0103. Pentru Vali R\u0103cil\u0103, blues-ul este o iubire veche de peste 40 de ani. Prin vocea \u0219i chitarele lui r\u0103sun\u0103 un blues autentic, tradi\u021bional, pasional, descinz\u00e2nd direct din ritmurile \u00eeng\u00e2nate de sclavii de pe planta\u021biile de bumbac din America secolului al XIX-lea.<\/p>\n<p>TreKulture Mix e la a \u0219aptea edi\u021bie \u0219i \u0219ti\u021bi deja c\u0103 e un eveniment care nu seam\u0103n\u0103 cu nimic altceva \u0219i nici m\u0103car cu el \u00eensu\u0219i. De fiecare dat\u0103 ingredientele sunt altele, iar cocktailul rezultat are mereu alt\u0103 savoare. \u00cen 25-27 octombrie v\u0103 propunem un mix de sunete, culori \u0219i arome care v\u0103 vor transporta \u00een alte timpuri \u0219i locuri. Vineri seara v\u0103 a\u0219tept\u0103m cu m\u00e2nc\u0103ruri g\u0103tite dup\u0103 re\u021bete vechi de 2000 de ani, cum numai la curtea regilor daci se puteau gusta. E de presupus c\u0103 un rege precum Decebal va fi avut buc\u0103tari veni\u021bi din toate col\u021burile lumii, a\u0219a c\u0103 vom savura at\u00e2t bucate dacice, c\u00e2t \u0219i romane, grece\u0219ti sau celtice. Apoi, pe \u00eenserat, \u00een jurul \u0219emineului, vom povesti despre daci \u0219i nu numai, la un pahar de mied Amurg, cu experta noastr\u0103 Aurora Pe\u021ban \u0219i cu oaspetele nostru, Vali R\u0103cil\u0103. S\u00e2mb\u0103t\u0103 v\u0103 propunem o excursie \u00eentr-unul dintre locurile de legend\u0103 ale zonei, Poiana Omului, unde se zice c\u0103 \u0219i-ar fi luat via\u021ba Decebal pentru a nu c\u0103dea viu \u00een m\u00e2inile romanilor. Vom urca cu ma\u0219inile pe dealul Meri\u0219or \u0219i vom str\u0103bate platoul Luncanilor \u0219i satul T\u00e2rsa, de unde se deschide larg perspectiva at\u00e2t spre Retezat, c\u00e2t \u0219i spre Par\u00e2ng. Vom merge apoi pe drumurile de plai pe care umblau dacii acum 2000 de ani p\u00e2n\u0103 la st\u00e2na din Poiana Omului, unde ne va a\u0219tepta un pr\u00e2nz ciob\u0103nesc, stropit cu \u021buic\u0103 \u0219i vin. Cei dornici de mi\u0219care vor putea veni pe jos, pe poteci, pe sub coroanele multicolore ale fagilor a c\u0103ror palet\u0103 cromatic\u0103 autumnal\u0103 va fi la apogeu. Seara, dup\u0103 cin\u0103, ne vom str\u00e2nge \u00een bibliotec\u0103 pentru momentul central al programului, concertul lui Vali R\u0103cil\u0103. Apoi vom ie\u0219i la focul de tab\u0103r\u0103, unde ne a\u0219teapt\u0103 o surpriz\u0103 \u0219i sper\u0103m c\u0103 \u0219i Vali \u00ee\u0219i va lua cu el m\u0103car una din cele 4 chitare de care nu se desparte. Probabil c\u0103 vom merge la culcare foarte t\u00e2rziu \u00een noapte, \u00eens\u0103 cu toate acestea ne va mai r\u0103m\u00e2ne energie pentru o plimbare la Pe\u0219tera Cioclovina sau la cetatea Piatra Ro\u0219ie, duminic\u0103 \u00eenainte de a ne desp\u0103r\u021bi. [\/vc_column_text][\/vc_column_inner][\/vc_row_inner][vc_row_inner column_margin=&#8221;default&#8221; text_align=&#8221;left&#8221; css=&#8221;.vc_custom_1618928462615{padding-top: 20px !important;padding-bottom: 20px !important;background-color: #f4f4f4 !important;}&#8221;][vc_column_inner column_padding=&#8221;no-extra-padding&#8221; column_padding_position=&#8221;all&#8221; centered_text=&#8221;true&#8221; background_color_opacity=&#8221;1&#8243; background_hover_color_opacity=&#8221;1&#8243; column_shadow=&#8221;none&#8221; column_border_radius=&#8221;none&#8221; column_link_target=&#8221;_self&#8221; width=&#8221;1\/1&#8243; tablet_width_inherit=&#8221;default&#8221; overlay_strength=&#8221;0.3&#8243; column_border_width=&#8221;none&#8221; column_border_style=&#8221;solid&#8221; bg_image_animation=&#8221;none&#8221;][vc_column_text css=&#8221;.vc_custom_1619011717520{padding-right: 10px !important;padding-left: 10px !important;}&#8221;]Pentru cei care vor s\u0103 fac\u0103 parte din grupul de privilegia\u021bi care vor petrece un weekend cu SirBlues, avem 2 variante:<\/p>\n<p>690 lei \/ persoan\u0103, cu cazare \u00een pensiune, \u00een camere duble sau twin cu baie proprie<br \/>\n490 lei \/ persoan\u0103, cu cazare \u00een camping, \u00een bungalowuri cu 2 paturi, cu b\u0103i comune (2 b\u0103i pentru 5 bungalowuri.<\/p>\n<p>Pre\u021bul include: cazare 2 nop\u021bi conform tipului de cazare ales, cin\u0103 (meniu 3 feluri) vineri \u0219i s\u00e2mb\u0103t\u0103 seara, mic dejun s\u00e2mb\u0103t\u0103 \u0219i duminic\u0103, pr\u00e2nz ciob\u0103nesc la st\u00e2na din Poiana Omului pentru s\u00e2mb\u0103t\u0103, ziua de excursie, \u021buic\u0103 \u0219i palinc\u0103 dup\u0103 puterile fiec\u0103rui, deplasare cu ma\u0219inile \u0219i ghid pentru cei care urc\u0103 pe jos la Poiana Omului, concert Vali R\u0103cil\u0103, foc de tab\u0103r\u0103, drume\u021bie la Piatra Ro\u0219ie sau Pe\u0219tera Cioclovina, surprize surprinz\u0103toare.<\/p>\n<p>Echipament recomandat pentru drume\u021bie: bocanci, geac\u0103 de ploaie \u0219i v\u00e2nt.<\/p>\n<p>Confirmarea rezerv\u0103rii se face dup\u0103 achitarea unui avans nerambursabil de 250 de lei \/ persoan\u0103.<\/p>\n<p>Rela\u021bii \u0219i rezerv\u0103ri la tel. 0757 DACICA (0757 322422).[\/vc_column_text][\/vc_column_inner][\/vc_row_inner][\/vc_column][\/vc_row]\n","protected":false},"excerpt":{"rendered":"<p>[vc_row type=&#8221;full_width_background&#8221; full_screen_row_position=&#8221;middle&#8221; column_margin=&#8221;default&#8221; bg_image=&#8221;1381&#8243; bg_position=&#8221;left top&#8221; bg_repeat=&#8221;no-repeat&#8221; full_height=&#8221;yes&#8221; scene_position=&#8221;center&#8221; text_color=&#8221;dark&#8221; text_align=&#8221;left&#8221; id=&#8221;desktop-header&#8221; overlay_strength=&#8221;0.3&#8243; shape_divider_position=&#8221;bottom&#8221; bg_image_animation=&#8221;none&#8221; shape_type=&#8221;&#8221;][vc_column column_padding=&#8221;no-extra-padding&#8221; column_padding_position=&#8221;all&#8221; background_color_opacity=&#8221;1&#8243; background_hover_color_opacity=&#8221;1&#8243; column_link_target=&#8221;_self&#8221; column_shadow=&#8221;none&#8221; column_border_radius=&#8221;none&#8221; width=&#8221;1\/1&#8243; tablet_width_inherit=&#8221;default&#8221; tablet_text_alignment=&#8221;default&#8221; phone_text_alignment=&#8221;default&#8221; overlay_strength=&#8221;0.3&#8243; column_border_width=&#8221;none&#8221;&#8230;<\/p>\n","protected":false},"author":1,"featured_media":0,"parent":0,"menu_order":0,"comment_status":"closed","ping_status":"closed","template":"page-events-activitati-copii.php","meta":{"footnotes":""},"class_list":["post-2030","page","type-page","status-publish"],"yoast_head":"<!-- This site is optimized with the Yoast SEO plugin v26.9 - https:\/\/yoast.com\/product\/yoast-seo-wordpress\/ -->\n<title>Activties for children - Dacica Foundation<\/title>\n<meta name=\"robots\" content=\"index, follow, max-snippet:-1, max-image-preview:large, max-video-preview:-1\" \/>\n<link rel=\"canonical\" href=\"https:\/\/fundatia.dacica.ro\/en\/activities-for-children\/\" \/>\n<meta property=\"og:locale\" content=\"en_US\" \/>\n<meta property=\"og:type\" content=\"article\" \/>\n<meta property=\"og:title\" content=\"Activties for children - Dacica Foundation\" \/>\n<meta property=\"og:description\" content=\"[vc_row type=&#8221;full_width_background&#8221; full_screen_row_position=&#8221;middle&#8221; column_margin=&#8221;default&#8221; bg_image=&#8221;1381&#8243; bg_position=&#8221;left top&#8221; bg_repeat=&#8221;no-repeat&#8221; full_height=&#8221;yes&#8221; scene_position=&#8221;center&#8221; text_color=&#8221;dark&#8221; text_align=&#8221;left&#8221; id=&#8221;desktop-header&#8221; overlay_strength=&#8221;0.3&#8243; shape_divider_position=&#8221;bottom&#8221; bg_image_animation=&#8221;none&#8221; shape_type=&#8221;&#8221;][vc_column column_padding=&#8221;no-extra-padding&#8221; column_padding_position=&#8221;all&#8221; background_color_opacity=&#8221;1&#8243; background_hover_color_opacity=&#8221;1&#8243; column_link_target=&#8221;_self&#8221; column_shadow=&#8221;none&#8221; column_border_radius=&#8221;none&#8221; width=&#8221;1\/1&#8243; tablet_width_inherit=&#8221;default&#8221; tablet_text_alignment=&#8221;default&#8221; phone_text_alignment=&#8221;default&#8221; overlay_strength=&#8221;0.3&#8243; column_border_width=&#8221;none&#8221;...\" \/>\n<meta property=\"og:url\" content=\"https:\/\/fundatia.dacica.ro\/en\/activities-for-children\/\" \/>\n<meta property=\"og:site_name\" content=\"Dacica Foundation\" \/>\n<meta property=\"article:modified_time\" content=\"2023-03-20T18:28:40+00:00\" \/>\n<meta name=\"twitter:card\" content=\"summary_large_image\" \/>\n<meta name=\"twitter:label1\" content=\"Est. reading time\" \/>\n\t<meta name=\"twitter:data1\" content=\"10 minutes\" \/>\n<script type=\"application\/ld+json\" class=\"yoast-schema-graph\">{\"@context\":\"https:\/\/schema.org\",\"@graph\":[{\"@type\":\"WebPage\",\"@id\":\"https:\/\/fundatia.dacica.ro\/en\/activities-for-children\/\",\"url\":\"https:\/\/fundatia.dacica.ro\/en\/activities-for-children\/\",\"name\":\"Activties for children - Dacica Foundation\",\"isPartOf\":{\"@id\":\"https:\/\/fundatia.dacica.ro\/#website\"},\"datePublished\":\"2022-12-26T13:57:46+00:00\",\"dateModified\":\"2023-03-20T18:28:40+00:00\",\"inLanguage\":\"en-US\",\"potentialAction\":[{\"@type\":\"ReadAction\",\"target\":[\"https:\/\/fundatia.dacica.ro\/en\/activities-for-children\/\"]}]},{\"@type\":\"WebSite\",\"@id\":\"https:\/\/fundatia.dacica.ro\/#website\",\"url\":\"https:\/\/fundatia.dacica.ro\/\",\"name\":\"Dacica Foundation\",\"description\":\"Doar un alt sit Situri Dacica\",\"potentialAction\":[{\"@type\":\"SearchAction\",\"target\":{\"@type\":\"EntryPoint\",\"urlTemplate\":\"https:\/\/fundatia.dacica.ro\/?s={search_term_string}\"},\"query-input\":{\"@type\":\"PropertyValueSpecification\",\"valueRequired\":true,\"valueName\":\"search_term_string\"}}],\"inLanguage\":\"en-US\"}]}<\/script>\n<!-- \/ Yoast SEO plugin. -->","yoast_head_json":{"title":"Activties for children - Dacica Foundation","robots":{"index":"index","follow":"follow","max-snippet":"max-snippet:-1","max-image-preview":"max-image-preview:large","max-video-preview":"max-video-preview:-1"},"canonical":"https:\/\/fundatia.dacica.ro\/en\/activities-for-children\/","og_locale":"en_US","og_type":"article","og_title":"Activties for children - Dacica Foundation","og_description":"[vc_row type=&#8221;full_width_background&#8221; full_screen_row_position=&#8221;middle&#8221; column_margin=&#8221;default&#8221; bg_image=&#8221;1381&#8243; bg_position=&#8221;left top&#8221; bg_repeat=&#8221;no-repeat&#8221; full_height=&#8221;yes&#8221; scene_position=&#8221;center&#8221; text_color=&#8221;dark&#8221; text_align=&#8221;left&#8221; id=&#8221;desktop-header&#8221; overlay_strength=&#8221;0.3&#8243; shape_divider_position=&#8221;bottom&#8221; bg_image_animation=&#8221;none&#8221; shape_type=&#8221;&#8221;][vc_column column_padding=&#8221;no-extra-padding&#8221; column_padding_position=&#8221;all&#8221; background_color_opacity=&#8221;1&#8243; background_hover_color_opacity=&#8221;1&#8243; column_link_target=&#8221;_self&#8221; column_shadow=&#8221;none&#8221; column_border_radius=&#8221;none&#8221; width=&#8221;1\/1&#8243; tablet_width_inherit=&#8221;default&#8221; tablet_text_alignment=&#8221;default&#8221; phone_text_alignment=&#8221;default&#8221; overlay_strength=&#8221;0.3&#8243; column_border_width=&#8221;none&#8221;...","og_url":"https:\/\/fundatia.dacica.ro\/en\/activities-for-children\/","og_site_name":"Dacica Foundation","article_modified_time":"2023-03-20T18:28:40+00:00","twitter_card":"summary_large_image","twitter_misc":{"Est. reading time":"10 minutes"},"schema":{"@context":"https:\/\/schema.org","@graph":[{"@type":"WebPage","@id":"https:\/\/fundatia.dacica.ro\/en\/activities-for-children\/","url":"https:\/\/fundatia.dacica.ro\/en\/activities-for-children\/","name":"Activties for children - Dacica Foundation","isPartOf":{"@id":"https:\/\/fundatia.dacica.ro\/#website"},"datePublished":"2022-12-26T13:57:46+00:00","dateModified":"2023-03-20T18:28:40+00:00","inLanguage":"en-US","potentialAction":[{"@type":"ReadAction","target":["https:\/\/fundatia.dacica.ro\/en\/activities-for-children\/"]}]},{"@type":"WebSite","@id":"https:\/\/fundatia.dacica.ro\/#website","url":"https:\/\/fundatia.dacica.ro\/","name":"Dacica Foundation","description":"Doar un alt sit Situri Dacica","potentialAction":[{"@type":"SearchAction","target":{"@type":"EntryPoint","urlTemplate":"https:\/\/fundatia.dacica.ro\/?s={search_term_string}"},"query-input":{"@type":"PropertyValueSpecification","valueRequired":true,"valueName":"search_term_string"}}],"inLanguage":"en-US"}]}},"_links":{"self":[{"href":"https:\/\/fundatia.dacica.ro\/en\/wp-json\/wp\/v2\/pages\/2030","targetHints":{"allow":["GET"]}}],"collection":[{"href":"https:\/\/fundatia.dacica.ro\/en\/wp-json\/wp\/v2\/pages"}],"about":[{"href":"https:\/\/fundatia.dacica.ro\/en\/wp-json\/wp\/v2\/types\/page"}],"author":[{"embeddable":true,"href":"https:\/\/fundatia.dacica.ro\/en\/wp-json\/wp\/v2\/users\/1"}],"replies":[{"embeddable":true,"href":"https:\/\/fundatia.dacica.ro\/en\/wp-json\/wp\/v2\/comments?post=2030"}],"version-history":[{"count":0,"href":"https:\/\/fundatia.dacica.ro\/en\/wp-json\/wp\/v2\/pages\/2030\/revisions"}],"wp:attachment":[{"href":"https:\/\/fundatia.dacica.ro\/en\/wp-json\/wp\/v2\/media?parent=2030"}],"curies":[{"name":"wp","href":"https:\/\/api.w.org\/{rel}","templated":true}]}}